{"id":1002440,"date":"2020-07-12T07:26:50","date_gmt":"2020-07-12T05:26:50","guid":{"rendered":"https:\/\/www.san-vito.com\/privacy-policy\/"},"modified":"2020-12-20T10:33:27","modified_gmt":"2020-12-20T09:33:27","slug":"agriturismo-toscana-privacy-policy","status":"publish","type":"page","link":"https:\/\/www.san-vito.com\/en\/agriturismo-toscana-privacy-policy\/","title":{"rendered":"Privacy Policy"},"content":{"rendered":"<h1>INFORMATIVA PRIVACY E COOKIES<\/h1>\n<p>In base al Regolamento UE 679\/2016 sulla protezione dei dati (GDPR), il trattamento dei dati personali \u00e8 stato improntato sui principi di correttezza, trasparenza e tutela della riservatezza e dei diritti dell\u2019interessato. Nell\u2019informativa di seguito riportata \u00e8 possibile prendere visione di come abbiamo recepito le nuove direttive al fine di garantire maggiormente il controllo e la protezione dei dati personali.<\/p>\n<p><b>Titolare e modalit\u00e0 del trattamento dati <\/b><\/p>\n<p>I tuoi dati personali sono trattati da <strong>Tenuta San Vito<\/strong> Via San Vito, 59 &#8211; 50056 Montelupo Fiorentino<br \/>\nFirenze &#8211; Tel. +39 0571 51411 &#8211; Fax +39 0571 51405 &#8211; info@san-vito.com &#8211; www.san-vito.com  &#8211; P. Iva 05742070484 \u2013 Titolare del trattamento \u2013 con modalit\u00e0 prevalentemente elettroniche e con strumenti di analisi anche statistica.<\/p>\n<p><b>Dati cui si riferisce l\u2019informativa <\/b><\/p>\n<p>I tuoi dati, gi\u00e0 acquisiti e presenti negli archivi di <strong>Tenuta San Vito<\/strong> e quelli che potrai comunicarci durante il rapporto con la nostra azienda.<\/p>\n<p><b>Finalit\u00e0 del trattamento dati e base giuridica <\/b><\/p>\n<p>Il trattamento nel rispetto delle condizioni di cui all&#8217;art 6 del GDPR \u00e8 finalizzato a consentire le seguenti finalit\u00e0:<\/p>\n<p>\u2022 Fornire i nostri servizi;<\/p>\n<p>\u2022 Obblighi normativi in materia di contabilit\u00e0 e fatturazione<\/p>\n<p>\u2022 Consultazione, l&#8217;elaborazione e la conseguente risposta alla sua richiesta di informazioni;<\/p>\n<p>\u2022 Adempiere a qualunque tipo di obbligo contemplato e previsto dalle vigenti leggi, regolamenti, normative correlate ed usi commerciali, in particolare, in materia tributaria\/fiscale;<\/p>\n<p>\u2022 Invio di informazioni ed offerte promozionali e commerciali, per attivit\u00e0 di profilazione a fini di marketing;<\/p>\n<p>\u2022 Richiesta di informazioni a fini statistici e per il miglioramento del prodotto e dei servizi;<\/p>\n<p>\u2022 Interazione e la visualizzazione di contenuti con social network e piattaforme esterne.<\/p>\n<p><b>Periodi di conservazione dei dati <\/b><\/p>\n<p>Tutti i dati trattati per le finalit\u00e0 di marketing saranno conservati fino all\u2019eventuale esercizio del diritto di opposizione da parte dell\u2019interessato; in mancanza, essi saranno conservati fintanto che <strong>Tenuta San Vito<\/strong> prosegue la propria attivit\u00e0.<\/p>\n<p><b>Categorie di soggetti ai quali i dati possono essere comunicati <\/b><\/p>\n<p>All\u2019interno della nostra societ\u00e0 possono venire a conoscenza dei suoi dati personali i dipendenti ed i collaboratori anche esterni da noi incaricati del loro trattamento.<\/p>\n<p><b>Diritti dell\u2019utente <\/b><\/p>\n<p>In ogni momento l\u2019utente In qualit\u00e0 di interessato potr\u00e0 esercitare i diritti previsti dagli art. da 15 a 22 del GDPR):<\/p>\n<p>1. chiedere la conferma dell&#8217;esistenza o meno di propri dati personali;<\/p>\n<p>2. ottenere le indicazioni circa le finalit\u00e0 del trattamento, le categorie dei dati personali, i destinatari o le categorie di destinatari a cui i dati personali sono stati o saranno comunicati e, quando possibile, il periodo di conservazione;<\/p>\n<p>3. ottenere la rettifica e la cancellazione dei dati;<\/p>\n<p>4. ottenere la limitazione del trattamento;<\/p>\n<p>5. opporsi al trattamento in qualsiasi momento ed anche nel caso di trattamento per finalit\u00e0 di marketing diretto;<\/p>\n<p>6. opporsi ad un processo decisionale automatizzato relativo alle persone fisiche, compresa la profilazione;<\/p>\n<p>7. proporre un reclamo all&#8217;Autorit\u00e0 di controllo, Garante per la protezione dei dati personali, seguendo le procedure e le indicazioni pubblicate sul sito web ufficiale dell&#8217;Autorit\u00e0 su www.garanteprivacy.it.<\/p>\n<p><b>Contatti <\/b><\/p>\n<p>Il titolare del trattamento dei dati \u00e8 <strong>Tenuta San Vito<\/strong> Via San Vito, 59 &#8211; 50056 Montelupo Fiorentino<br \/>\nFirenze &#8211; Tel. +39 0571 51411 &#8211; Fax +39 0571 51405 &#8211; info@san-vito.com &#8211; www.san-vito.com  &#8211; P. Iva 05742070484<\/p>\n<p><b>Utilizzo dei Cookie <\/b><\/p>\n<p>Conformemente al provvedimento del Garante per la protezione dei dati personali (di seguito, il &#8220;Garante&#8221;) dell\u20198 maggio 2014, recante &#8220;Individuazione delle modalit\u00e0 semplificate per l\u2019informativa e l\u2019acquisizione del consenso per l\u2019uso dei Cookie&#8221; (di seguito, il &#8220;Provvedimento cookie&#8221;), il Titolare intende informarLa di quanto segue.<\/p>\n<p><b>Cosa sono i Cookie <\/b>Un Cookie \u00e8 una piccola quantit\u00e0 di dati, spesso contenenti un codice identificativo unico anonimo, che vengono inviati al browser da un server Web e che vengono successivamente memorizzati sul disco fisso del computer dell&#8217;Utente. Il Cookie viene poi riletto e riconosciuto solo dal sito Web che lo ha inviato o dal altri siti Web collegati al primo ogniqualvolta si effettua una connessione successiva.<\/p>\n<p>Ricordiamo che il browser \u00e8 il software che permette di navigare nella Rete tramite la visualizzazione ed il trasferimento delle informazioni sul disco fisso del computer dell&#8217;Utente. Se le preferenze del browser sono impostate in modo da accettare i Cookie, qualsiasi sito Web pu\u00f2 inviare i suoi Cookie al browser, ma, al fine di proteggere la privacy, pu\u00f2 rilevare solo ed esclusivamente quelli inviati dal sito stesso, e non quelli invece inviati al browser da altri siti. In ogni caso i Cookie non possono causare danni al computer dell&#8217;Utente.<\/p>\n<p><b>Come vengono utilizzati i Cookie su questo sito <\/b>Non viene fatto uso di Cookie per la trasmissione di informazioni di carattere personale, n\u00e9 vengono utilizzati Cookie persistenti di alcun tipo, ovvero sistemi per il tracciamento degli utenti.<\/p>\n<p>L&#8217;uso di Cookie di sessione (che non vengono memorizzati in modo persistente sul computer dell&#8217;Utente e svaniscono con la chiusura del browser) \u00e8 strettamente limitato alla trasmissione di identificativi di sessione (costituiti da numeri casuali generati dal server) necessari per consentire l&#8217;esplorazione sicura ed efficiente del sito. I Cookie di sessione utilizzati in questo sito evitano il ricorso ad altre tecniche informatiche potenzialmente pregiudizievoli per la riservatezza della navigazione degli utenti e non consentono l&#8217;acquisizione di dati personali identificativi dell&#8217;Utente.<\/p>\n<p><b>I Cookie di Google Analytics <\/b>Questo sito utilizza Google Analytics, un servizio di analisi web fornito da Google Inc.. Google Analytics utilizza dei Cookie, che vengono depositati sul Suo computer per analizzare l&#8217;utilizzo del sito da parte degli utenti. Le informazioni generate dal Cookie sull&#8217;utilizzo del sito web (compreso il Vostro indirizzo IP) sono trasmesse a Google e depositate presso i suoi server.<\/p>\n<p>Google utilizzar\u00e0 queste informazioni allo scopo di tracciare e esaminare l&#8217;utilizzo del sito web, compilare report sulle attivit\u00e0 del sito web. Google pu\u00f2 anche trasferire queste informazioni a terzi ove ci\u00f2 sia imposto dalla legge o laddove tali terzi trattino le suddette informazioni per conto di Google. Google non assocer\u00e0 il vostro indirizzo IP a nessun altro dato posseduto da Google. Potete rifiutarvi di usare i Cookie selezionando l&#8217;impostazione appropriata sul vostro browser.<\/p>\n<p>Dati personali raccolti: Cookie e Dati di utilizzo.<\/p>\n<p>Luogo del trattamento : USA \u2013 <a href=\"https:\/\/policies.google.com\/privacy?hl=en\" target=\"_blank\" rel=\"noopener noreferrer\">Privacy Policy<\/a> \u2013 <a href=\"https:\/\/tools.google.com\/dlpage\/gaoptout?hl=it\" target=\"_blank\" rel=\"noopener noreferrer\">Opt Out<\/a><\/p>\n<p><b>Altre tipologie di Cookie o strumenti terzi che potrebbero farne utilizzo <\/b><\/p>\n<p>Alcuni dei servizi elencati di seguito potrebbero non richiedere il consenso dell&#8217;Utente o potrebbero essere gestiti direttamente dal Titolare \u2013 a seconda di quanto descritto \u2013 senza l&#8217;ausilio di terzi.<\/p>\n<p>Qualora fra gli strumenti indicati in seguito fossero presenti servizi gestiti da terzi, questi potrebbero \u2013 in aggiunta a quanto specificato ed anche all\u2019insaputa del Titolare \u2013 compiere attivit\u00e0 di tracciamento dell\u2019Utente. Per informazioni dettagliate in merito, si consiglia di consultare le privacy policy dei servizi elencati.<\/p>\n<p><b>Interazione con social network e piattaforme esterne <\/b><\/p>\n<p>Questi servizi permettono di effettuare interazioni con i social network, o con altre piattaforme esterne, direttamente dalle pagine dell\u2019Applicazione. Le interazioni e le informazioni acquisite da questa Applicazione sono in ogni caso soggette alle impostazioni privacy dell\u2019Utente relative ad ogni social network. Nel caso in cui sia installato un servizio di interazione con i social network, \u00e8 possibile che, anche nel caso gli Utenti non utilizzino il servizio, lo stesso raccolga dati di traffico relativi alle pagine in cui \u00e8 installato.<\/p>\n<p><b>Pulsante Mi Piace e widget sociali di Facebook <\/b><\/p>\n<p>\u2022 Il pulsante &#8220;Mi Piace&#8221; e i widget sociali di Facebook sono servizi di interazione con il social network Facebook, forniti da Facebook, Inc.<\/p>\n<p>\u2022 Dati personali raccolti: Cookie e Dati di utilizzo.<\/p>\n<p>\u2022 Luogo del trattamento : USA \u2013 <a href=\"https:\/\/www.facebook.com\/privacy\/explanation\" target=\"_blank\" rel=\"noopener noreferrer\">Privacy Policy<\/a><\/p>\n<p><b>Pulsante Tweet e widget sociali di Twitter <\/b><\/p>\n<p>\u2022 Il pulsante Tweet e i widget sociali di Twitter sono servizi di interazione con il social network Twitter, forniti da Twitter Inc.<\/p>\n<p>\u2022 Dati personali raccolti: Cookie e Dati di utilizzo.<\/p>\n<p>\u2022 Luogo del trattamento : USA \u2013 <a href=\"https:\/\/twitter.com\/it\/privacy\" target=\"_blank\" rel=\"noopener noreferrer\">Privacy Policy<\/a><\/p>\n<p><b>Pulsante +1 e widget sociali di Google+ <\/b><\/p>\n<p>\u2022 Il pulsante +1 e i widget sociali di Google+ sono servizi di interazione con il social network Google+, forniti da Google Inc.<\/p>\n<p>\u2022 Dati personali raccolti: Cookie e Dati di utilizzo.<\/p>\n<p>\u2022 Luogo del trattamento: USA \u2013 <a href=\"https:\/\/policies.google.com\/privacy?hl=it\" target=\"_blank\" rel=\"noopener noreferrer\">Privacy Policy<\/a><\/p>\n<p><b>Pulsante e widget sociali di Linkedin <\/b><\/p>\n<p>\u2022 Il pulsante e i widget sociali di Linkedin sono servizi di interazione con il social network Linkedin, forniti da LinkedIn Corporation.<\/p>\n<p>\u2022 Dati personali raccolti: Cookie e Dati di utilizzo.<\/p>\n<p>\u2022 Luogo del trattamento : USA \u2013 <a href=\"https:\/\/www.linkedin.com\/legal\/privacy-policy\" target=\"_blank\" rel=\"noopener noreferrer\">Privacy Policy<\/a><\/p>\n<p><b>Pulsante &#8220;Pin it&#8221; e widget sociali di Pinterest <\/b><\/p>\n<p>\u2022 Il pulsante &#8220;Pin it&#8221; e widget sociali di Pinterest sono servizi di interazione con la piattaforma Pinterest, forniti da Pinterest Inc.<\/p>\n<p>\u2022 Dati personali raccolti: Cookie e Dati di utilizzo.<\/p>\n<p>\u2022 Luogo del trattamento : USA \u2013 <a href=\"https:\/\/policy.pinterest.com\/en\/privacy-policy\" target=\"_blank\" rel=\"noopener noreferrer\">Privacy Policy<\/a><\/p>\n<p><b>Visualizzazione di contenuti da piattaforme esterne <\/b><\/p>\n<p>\u2022 Questi servizi permettono di visualizzare contenuti ospitati su piattaforme esterne direttamente dalle pagine di questa Applicazione e di interagire con essi.<\/p>\n<p>\u2022 Nel caso in cui sia installato un servizio di questo tipo, \u00e8 possibile che, anche nel caso gli Utenti non utilizzino il servizio, lo stesso raccolga dati di traffico relativi alle pagine in cui \u00e8 installato.<\/p>\n<p><b>Widget Google Maps <\/b><\/p>\n<p>\u2022 Google Maps \u00e8 un servizio di visualizzazione di mappe gestito da Google Inc. che permette a questa Applicazione di integrare tali contenuti all\u2019interno delle proprie pagine.<\/p>\n<p>\u2022 Dati personali raccolti: Cookie e Dati di utilizzo.<\/p>\n<p>\u2022 Luogo del trattamento : USA \u2013 <a href=\"https:\/\/www.google.it\/intl\/it\/policies\/privacy\/\" target=\"_blank\" rel=\"noopener noreferrer\">Privacy Policy<\/a><\/p>\n<p><b>Widget Video Youtube <\/b><\/p>\n<p>\u2022 Youtube \u00e8 un servizio di visualizzazione di contenuti video gestito da Google Inc. che permette a questa Applicazione di integrare tali contenuti all\u2019interno delle proprie pagine.<\/p>\n<p>\u2022 Dati personali raccolti: Cookie e Dati di utilizzo.<\/p>\n<p>\u2022 Luogo del trattamento : USA \u2013 <a href=\"https:\/\/policies.google.com\/privacy?hl=it&amp;gl=it\" target=\"_blank\" rel=\"noopener noreferrer\">Privacy Policy<\/a><\/p>\n<p><b>Come posso controllare l&#8217;installazione di Cookie? <\/b><\/p>\n<p>In aggiunta a quanto indicato in questo documento, l&#8217;Utente pu\u00f2 gestire le preferenze relative ai Cookie direttamente all&#8217;interno del proprio browser ed impedire, ad esempio, che terze parti possano installarne. Tramite le preferenze del browser \u00e8 inoltre possibile eliminare i Cookie installati in passato, incluso il Cookie in cui venga eventualmente salvato il consenso all&#8217;installazione di Cookie da parte di questo sito. \u00c8 importante notare che disabilitando tutti i Cookie, il funzionamento di questo sito potrebbe essere compromesso. L&#8217;Utente pu\u00f2 trovare informazioni su come gestire i Cookie nel suo browser ai seguenti indirizzi: <a href=\"https:\/\/support.google.com\/chrome\/answer\/95647?hl=it&amp;p=cpn_cookies\" target=\"_blank\" rel=\"noopener noreferrer\">Google Chrome<\/a>, <a href=\"https:\/\/support.mozilla.org\/it\/kb\/Attivare%20e%20disattivare%20i%20cookie?redirectlocale=en-US&amp;redirectslug=Enabling+and+disabling+cookies\" target=\"_blank\" rel=\"noopener noreferrer\">Mozilla Firefox<\/a>, <a href=\"https:\/\/support.apple.com\/kb\/PH19214?viewlocale=it_IT&amp;locale=en_US\" target=\"_blank\" rel=\"noopener noreferrer\">Apple Safari<\/a> and <a href=\"http:\/\/windows.microsoft.com\/it-it\/windows-vista\/block-or-allow-cookies\" target=\"_blank\" rel=\"noopener noreferrer\">Microsoft Windows Explorer<\/a>.<\/p>\n<p>In caso di servizi erogati da terze parti, l&#8217;Utente pu\u00f2 inoltre esercitare il proprio diritto ad opporsi al tracciamento informandosi tramite la privacy policy della terza parte, tramite il link di opt out se esplicitamente fornito o contattando direttamente la stessa.<\/p>\n<p>Fermo restando quanto precede, il Titolare informa che l\u2019Utente pu\u00f2 avvalersi di <a href=\"http:\/\/www.youronlinechoices.com\/\" target=\"_blank\" rel=\"noopener noreferrer\">Your Online Choices<\/a>. Attraverso tale servizio \u00e8 possibile gestire le preferenze di tracciamento della maggior parte degli strumenti pubblicitari. Il Titolare, pertanto, consiglia agli Utenti di utilizzare tale risorsa in aggiunta alle informazioni fornite dal presente documento.<\/p>\n","protected":false},"excerpt":{"rendered":"<p>INFORMATIVA PRIVACY E COOKIES In base al Regolamento UE 679\/2016 sulla protezione dei dati (GDPR), il trattamento dei dati personali \u00e8 stato improntato sui principi di correttezza, trasparenza e tutela della riservatezza e dei diritti dell\u2019interessato. Nell\u2019informativa di seguito riportata \u00e8 possibile prendere visione di come abbiamo recepito le nuove direttive al fine di garantire [&hellip;]<\/p>\n","protected":false},"author":1,"featured_media":0,"parent":0,"menu_order":0,"comment_status":"closed","ping_status":"closed","template":"","meta":{"footnotes":""},"class_list":["post-1002440","page","type-page","status-publish","hentry"],"yoast_head":"<!-- This site is optimized with the Yoast SEO plugin v27.5 - https:\/\/yoast.com\/product\/yoast-seo-wordpress\/ -->\n<title>Privacy Policy - TENUTA SAN VITO - Agriturismo Montelupo Fiorentino - Toscana Italy<\/title>\n<meta name=\"robots\" content=\"index, follow, max-snippet:-1, max-image-preview:large, max-video-preview:-1\" \/>\n<link rel=\"canonical\" href=\"https:\/\/www.san-vito.com\/en\/agriturismo-toscana-privacy-policy\/\" \/>\n<meta property=\"og:locale\" content=\"en_US\" \/>\n<meta property=\"og:type\" content=\"article\" \/>\n<meta property=\"og:title\" content=\"Privacy Policy - TENUTA SAN VITO - Agriturismo Montelupo Fiorentino - Toscana Italy\" \/>\n<meta property=\"og:description\" content=\"INFORMATIVA PRIVACY E COOKIES In base al Regolamento UE 679\/2016 sulla protezione dei dati (GDPR), il trattamento dei dati personali \u00e8 stato improntato sui principi di correttezza, trasparenza e tutela della riservatezza e dei diritti dell\u2019interessato. Nell\u2019informativa di seguito riportata \u00e8 possibile prendere visione di come abbiamo recepito le nuove direttive al fine di garantire [&hellip;]\" \/>\n<meta property=\"og:url\" content=\"https:\/\/www.san-vito.com\/en\/agriturismo-toscana-privacy-policy\/\" \/>\n<meta property=\"og:site_name\" content=\"TENUTA SAN VITO - Agriturismo Montelupo Fiorentino - Toscana Italy\" \/>\n<meta property=\"article:publisher\" content=\"https:\/\/www.facebook.com\/TSanVito\/\" \/>\n<meta property=\"article:modified_time\" content=\"2020-12-20T09:33:27+00:00\" \/>\n<meta name=\"twitter:card\" content=\"summary_large_image\" \/>\n<meta name=\"twitter:label1\" content=\"Est. reading time\" \/>\n\t<meta name=\"twitter:data1\" content=\"9 minutes\" \/>\n<script type=\"application\/ld+json\" class=\"yoast-schema-graph\">{\"@context\":\"https:\\\/\\\/schema.org\",\"@graph\":[{\"@type\":\"WebPage\",\"@id\":\"https:\\\/\\\/www.san-vito.com\\\/en\\\/agriturismo-toscana-privacy-policy\\\/\",\"url\":\"https:\\\/\\\/www.san-vito.com\\\/en\\\/agriturismo-toscana-privacy-policy\\\/\",\"name\":\"Privacy Policy - TENUTA SAN VITO - Agriturismo Montelupo Fiorentino - Toscana Italy\",\"isPartOf\":{\"@id\":\"https:\\\/\\\/www.san-vito.com\\\/#website\"},\"datePublished\":\"2020-07-12T05:26:50+00:00\",\"dateModified\":\"2020-12-20T09:33:27+00:00\",\"breadcrumb\":{\"@id\":\"https:\\\/\\\/www.san-vito.com\\\/en\\\/agriturismo-toscana-privacy-policy\\\/#breadcrumb\"},\"inLanguage\":\"en-US\",\"potentialAction\":[{\"@type\":\"ReadAction\",\"target\":[\"https:\\\/\\\/www.san-vito.com\\\/en\\\/agriturismo-toscana-privacy-policy\\\/\"]}]},{\"@type\":\"BreadcrumbList\",\"@id\":\"https:\\\/\\\/www.san-vito.com\\\/en\\\/agriturismo-toscana-privacy-policy\\\/#breadcrumb\",\"itemListElement\":[{\"@type\":\"ListItem\",\"position\":1,\"name\":\"Home\",\"item\":\"https:\\\/\\\/www.san-vito.com\\\/en\\\/\"},{\"@type\":\"ListItem\",\"position\":2,\"name\":\"Privacy Policy\"}]},{\"@type\":\"WebSite\",\"@id\":\"https:\\\/\\\/www.san-vito.com\\\/#website\",\"url\":\"https:\\\/\\\/www.san-vito.com\\\/\",\"name\":\"TENUTA SAN VITO - Agriturismo Montelupo Fiorentino - Toscana Italy\",\"description\":\"Shop Online Chianti Wines and Extra Virgin Olive Oil\",\"publisher\":{\"@id\":\"https:\\\/\\\/www.san-vito.com\\\/#organization\"},\"potentialAction\":[{\"@type\":\"SearchAction\",\"target\":{\"@type\":\"EntryPoint\",\"urlTemplate\":\"https:\\\/\\\/www.san-vito.com\\\/?s={search_term_string}\"},\"query-input\":{\"@type\":\"PropertyValueSpecification\",\"valueRequired\":true,\"valueName\":\"search_term_string\"}}],\"inLanguage\":\"en-US\"},{\"@type\":\"Organization\",\"@id\":\"https:\\\/\\\/www.san-vito.com\\\/#organization\",\"name\":\"TENUTA SAN VITO - Agriturismo Montelupo Fiorentino - Toscana Italy\",\"url\":\"https:\\\/\\\/www.san-vito.com\\\/\",\"logo\":{\"@type\":\"ImageObject\",\"inLanguage\":\"en-US\",\"@id\":\"https:\\\/\\\/www.san-vito.com\\\/#\\\/schema\\\/logo\\\/image\\\/\",\"url\":\"https:\\\/\\\/www.san-vito.com\\\/wp-content\\\/uploads\\\/2016\\\/12\\\/tuscany-farmhouse-chianti-wine-tenuta-san-vito-florence-logo-1.png\",\"contentUrl\":\"https:\\\/\\\/www.san-vito.com\\\/wp-content\\\/uploads\\\/2016\\\/12\\\/tuscany-farmhouse-chianti-wine-tenuta-san-vito-florence-logo-1.png\",\"width\":1895,\"height\":577,\"caption\":\"TENUTA SAN VITO - Agriturismo Montelupo Fiorentino - Toscana Italy\"},\"image\":{\"@id\":\"https:\\\/\\\/www.san-vito.com\\\/#\\\/schema\\\/logo\\\/image\\\/\"},\"sameAs\":[\"https:\\\/\\\/www.facebook.com\\\/TSanVito\\\/\",\"https:\\\/\\\/www.instagram.com\\\/tenutasanvito\\\/\"]}]}<\/script>\n<!-- \/ Yoast SEO plugin. -->","yoast_head_json":{"title":"Privacy Policy - TENUTA SAN VITO - Agriturismo Montelupo Fiorentino - Toscana Italy","robots":{"index":"index","follow":"follow","max-snippet":"max-snippet:-1","max-image-preview":"max-image-preview:large","max-video-preview":"max-video-preview:-1"},"canonical":"https:\/\/www.san-vito.com\/en\/agriturismo-toscana-privacy-policy\/","og_locale":"en_US","og_type":"article","og_title":"Privacy Policy - TENUTA SAN VITO - Agriturismo Montelupo Fiorentino - Toscana Italy","og_description":"INFORMATIVA PRIVACY E COOKIES In base al Regolamento UE 679\/2016 sulla protezione dei dati (GDPR), il trattamento dei dati personali \u00e8 stato improntato sui principi di correttezza, trasparenza e tutela della riservatezza e dei diritti dell\u2019interessato. Nell\u2019informativa di seguito riportata \u00e8 possibile prendere visione di come abbiamo recepito le nuove direttive al fine di garantire [&hellip;]","og_url":"https:\/\/www.san-vito.com\/en\/agriturismo-toscana-privacy-policy\/","og_site_name":"TENUTA SAN VITO - Agriturismo Montelupo Fiorentino - Toscana Italy","article_publisher":"https:\/\/www.facebook.com\/TSanVito\/","article_modified_time":"2020-12-20T09:33:27+00:00","twitter_card":"summary_large_image","twitter_misc":{"Est. reading time":"9 minutes"},"schema":{"@context":"https:\/\/schema.org","@graph":[{"@type":"WebPage","@id":"https:\/\/www.san-vito.com\/en\/agriturismo-toscana-privacy-policy\/","url":"https:\/\/www.san-vito.com\/en\/agriturismo-toscana-privacy-policy\/","name":"Privacy Policy - TENUTA SAN VITO - Agriturismo Montelupo Fiorentino - Toscana Italy","isPartOf":{"@id":"https:\/\/www.san-vito.com\/#website"},"datePublished":"2020-07-12T05:26:50+00:00","dateModified":"2020-12-20T09:33:27+00:00","breadcrumb":{"@id":"https:\/\/www.san-vito.com\/en\/agriturismo-toscana-privacy-policy\/#breadcrumb"},"inLanguage":"en-US","potentialAction":[{"@type":"ReadAction","target":["https:\/\/www.san-vito.com\/en\/agriturismo-toscana-privacy-policy\/"]}]},{"@type":"BreadcrumbList","@id":"https:\/\/www.san-vito.com\/en\/agriturismo-toscana-privacy-policy\/#breadcrumb","itemListElement":[{"@type":"ListItem","position":1,"name":"Home","item":"https:\/\/www.san-vito.com\/en\/"},{"@type":"ListItem","position":2,"name":"Privacy Policy"}]},{"@type":"WebSite","@id":"https:\/\/www.san-vito.com\/#website","url":"https:\/\/www.san-vito.com\/","name":"TENUTA SAN VITO - Agriturismo Montelupo Fiorentino - Toscana Italy","description":"Shop Online Chianti Wines and Extra Virgin Olive Oil","publisher":{"@id":"https:\/\/www.san-vito.com\/#organization"},"potentialAction":[{"@type":"SearchAction","target":{"@type":"EntryPoint","urlTemplate":"https:\/\/www.san-vito.com\/?s={search_term_string}"},"query-input":{"@type":"PropertyValueSpecification","valueRequired":true,"valueName":"search_term_string"}}],"inLanguage":"en-US"},{"@type":"Organization","@id":"https:\/\/www.san-vito.com\/#organization","name":"TENUTA SAN VITO - Agriturismo Montelupo Fiorentino - Toscana Italy","url":"https:\/\/www.san-vito.com\/","logo":{"@type":"ImageObject","inLanguage":"en-US","@id":"https:\/\/www.san-vito.com\/#\/schema\/logo\/image\/","url":"https:\/\/www.san-vito.com\/wp-content\/uploads\/2016\/12\/tuscany-farmhouse-chianti-wine-tenuta-san-vito-florence-logo-1.png","contentUrl":"https:\/\/www.san-vito.com\/wp-content\/uploads\/2016\/12\/tuscany-farmhouse-chianti-wine-tenuta-san-vito-florence-logo-1.png","width":1895,"height":577,"caption":"TENUTA SAN VITO - Agriturismo Montelupo Fiorentino - Toscana Italy"},"image":{"@id":"https:\/\/www.san-vito.com\/#\/schema\/logo\/image\/"},"sameAs":["https:\/\/www.facebook.com\/TSanVito\/","https:\/\/www.instagram.com\/tenutasanvito\/"]}]}},"_links":{"self":[{"href":"https:\/\/www.san-vito.com\/en\/wp-json\/wp\/v2\/pages\/1002440","targetHints":{"allow":["GET"]}}],"collection":[{"href":"https:\/\/www.san-vito.com\/en\/wp-json\/wp\/v2\/pages"}],"about":[{"href":"https:\/\/www.san-vito.com\/en\/wp-json\/wp\/v2\/types\/page"}],"author":[{"embeddable":true,"href":"https:\/\/www.san-vito.com\/en\/wp-json\/wp\/v2\/users\/1"}],"replies":[{"embeddable":true,"href":"https:\/\/www.san-vito.com\/en\/wp-json\/wp\/v2\/comments?post=1002440"}],"version-history":[{"count":1,"href":"https:\/\/www.san-vito.com\/en\/wp-json\/wp\/v2\/pages\/1002440\/revisions"}],"predecessor-version":[{"id":1002441,"href":"https:\/\/www.san-vito.com\/en\/wp-json\/wp\/v2\/pages\/1002440\/revisions\/1002441"}],"wp:attachment":[{"href":"https:\/\/www.san-vito.com\/en\/wp-json\/wp\/v2\/media?parent=1002440"}],"curies":[{"name":"wp","href":"https:\/\/api.w.org\/{rel}","templated":true}]}}